{"id":5058,"date":"2021-09-09T21:29:34","date_gmt":"2021-09-09T21:29:34","guid":{"rendered":"https:\/\/www.romania-immigration.com\/?page_id=5058"},"modified":"2021-09-09T22:59:38","modified_gmt":"2021-09-09T22:59:38","slug":"study-visa","status":"publish","type":"page","link":"https:\/\/www.romania-immigration.com\/ro\/viza-studii\/","title":{"rendered":"Viz\u0103 de studii"},"content":{"rendered":"<div data-elementor-type=\"wp-page\" data-elementor-id=\"5058\" class=\"elementor elementor-5058\" data-elementor-post-type=\"page\">\n\t\t\t\t\t\t<section class=\"elementor-section elementor-top-section elementor-element elementor-element-3e51609 elementor-section-boxed elementor-section-height-default elementor-section-height-default\" data-id=\"3e51609\" data-element_type=\"section\">\n\t\t\t\t\t\t<div class=\"elementor-container elementor-column-gap-default\">\n\t\t\t\t\t<div class=\"elementor-column elementor-col-100 elementor-top-column elementor-element elementor-element-a08f9f1\" data-id=\"a08f9f1\" data-element_type=\"column\">\n\t\t\t<div class=\"elementor-widget-wrap elementor-element-populated\">\n\t\t\t\t\t\t<div class=\"elementor-element elementor-element-d2493aa elementor-widget elementor-widget-html\" data-id=\"d2493aa\" data-element_type=\"widget\" data-widget_type=\"html.default\">\n\t\t\t\t<div class=\"elementor-widget-container\">\n\t\t\t\t\t<div class=\"elementor-widget-wrap elementor-element-populated\">\n                        \t\t<div class=\"elementor-element elementor-element-79d762e elementor-widget elementor-widget-image\" data-id=\"79d762e\" data-element_type=\"widget\" data-widget_type=\"image.default\">\n\t\t\t\t<div class=\"elementor-widget-container\">\n\t\t\t\t\t\t\t\t\t\t\t\t\t\t\t<img decoding=\"async\" src=\"https:\/\/www.romania-immigration.com\/wp-content\/uploads\/2020\/03\/study-visa.jpg\" title=\"study-visa\" alt=\"study-visa\">\t\t\t\t\t\t\t\t\t\t\t\t\t\t\t<\/div>\n\t\t\t\t<\/div>\n\t\t\t\t<div class=\"elementor-element elementor-element-b3d2d95 elementor-widget elementor-widget-ct_fancy_box\" data-id=\"b3d2d95\" data-element_type=\"widget\" data-widget_type=\"ct_fancy_box.default\">\n\t\t\t\t<div class=\"elementor-widget-container\">\n\t\t\t<div class=\"ct-fancy-box ct-fancy-box-layout14\" data-wow-delay=\"ms\">\n            <div class=\"item--icon\">\n            <i aria-hidden=\"true\" class=\"material zmdi zmdi-info-outline\"><\/i>        <\/div>\n            <div class=\"item--holder\">\n        <h3 class=\"item--title\">\n            Consultan\u021b\u0103 \u0219i asisten\u021b\u0103        <\/h3>\n        <div class=\"item--description\">\n\nAve\u021bi o intrebare?\nSuna\u021bi-ne acum pentru a stabili un program.\n\nProgram de lucru\nDe luni p\u00e2n\u0103 vineri: 10:00 - 17:00\n\n(004) 723 32 94 01<\/div>\n    <\/div>\n            <a class=\"item-link\" href=\"#\"><\/a>\n    <\/div>\t\t<\/div>\n\t\t\t\t<\/div>\n\t\t\t\t<div class=\"elementor-element elementor-element-b5349e7 elementor-widget elementor-widget-text-editor\" data-id=\"b5349e7\" data-element_type=\"widget\" data-widget_type=\"text-editor.default\">\n\t\t\t\t<div class=\"elementor-widget-container\">\n\t\t\t\t\t\t\t<div style=\"text-align: justify;\"><span style=\"color: #ff0000;\"><strong><span style=\"font-family: tahoma, arial, helvetica, sans-serif; font-size: 12pt;\">Vrei s\u0103 studiezi \u00een Rom\u00e2nia \u0219i s\u0103 ai cet\u0103\u021benia unui stat din afara Uniunii Europene \u0219i a Spa\u021biului Economic European?<\/span><\/strong><\/span><\/div><p><span style=\"font-family: tahoma, arial, helvetica, sans-serif; font-size: 12pt;\">Pentru a \u00eencepe, trebuie s\u0103 v\u0103 \u00eenscrie\u021bi \u00een institu\u021bia de \u00eenv\u0103\u021b\u0103m\u00e2nt unde dori\u021bi s\u0103 studia\u021bi \u0219i s\u0103 fi\u021bi acceptat de aceasta.<\/span><br><span style=\"font-family: tahoma, arial, helvetica, sans-serif; font-size: 12pt;\">Urm\u0103torul pas este ob\u021binerea unei vize de lung\u0103 \u0219edere pentru studii, de la misiunile diplomatice \u0219i oficiile consulare ale Rom\u00e2niei.<\/span><\/p><p><span style=\"font-family: tahoma, arial, helvetica, sans-serif; font-size: 12pt;\">Viza de lung\u0103 \u0219edere pentru studii poate fi acordat\u0103, la cerere, str\u0103inilor care solicit\u0103 intrarea \u00een Rom\u00e2nia ca student, stagiar sau student care particip\u0103 la un program de schimb de studen\u021bi sau la un proiect educa\u021bional. Institu\u021bia \u00een care ve\u021bi studia poate fi de stat sau privat\u0103, cu condi\u021bia s\u0103 fie acreditat\u0103 conform legii. Viza se acord\u0103 \u0219i str\u0103inilor accepta\u021bi pentru studii pe baza documentelor interna\u021bionale la care Rom\u00e2nia este parte.<\/span><\/p><p>&nbsp;<\/p><p><span style=\"color: #ff0000;\"><strong><span style=\"font-family: tahoma, arial, helvetica, sans-serif; font-size: 12pt;\">Pentru a ob\u021bine o viz\u0103 de lung\u0103 \u0219edere trebuie s\u0103 prezenta\u021bi urm\u0103toarele documente:<\/span><\/strong><\/span><\/p><div style=\"text-align: justify;\"><span style=\"font-family: tahoma, arial, helvetica, sans-serif; font-size: 12pt;\">I. As a student, master\u2019s or doctoral student:<\/span><\/div><div style=\"text-align: justify;\"><ul><li><span style=\"font-family: tahoma, arial, helvetica, sans-serif; font-size: 12pt;\">dovada accept\u0103rii pentru studii emise de Ministerul Educa\u021biei Na\u021bionale \u0219i Cercet\u0103rii \u0218tiin\u021bifice, din care ar trebui s\u0103 rezulte c\u0103 ve\u021bi urma o form\u0103 de educa\u021bie cu norm\u0103 \u00eentreag\u0103;<\/span><\/li><li><span style=\"font-family: tahoma, arial, helvetica, sans-serif; font-size: 12pt;\">dovada pl\u0103\u021bii taxei de \u0219colarizare pentru cel pu\u021bin un an de studiu;<\/span><\/li><li><span style=\"font-family: tahoma, arial, helvetica, sans-serif; font-size: 12pt;\">dovada mijloacelor de subzisten\u021b\u0103, \u00een cuantum de cel pu\u021bin salariul minim lunar net pe \u021bar\u0103, pentru \u00eentreaga perioad\u0103 acoperit\u0103 de viz\u0103;<\/span><\/li><li><span style=\"font-family: tahoma, arial, helvetica, sans-serif; font-size: 12pt;\">dovada cunoa\u0219terii limbii \u00een care va avea loc programul de studiu, cu excep\u021bia anului preg\u0103titor al limbii rom\u00e2ne pentru cet\u0103\u021benii str\u0103ini;<\/span><\/li><li><span style=\"font-family: tahoma, arial, helvetica, sans-serif; font-size: 12pt;\">certificat de cazier judiciar sau alt document cu aceea\u0219i valoare legal\u0103;<\/span><\/li><li><span style=\"font-family: tahoma, arial, helvetica, sans-serif; font-size: 12pt;\">asigurare medical\u0103 pe durata valabilit\u0103\u021bii vizei;<\/span><\/li><li><span style=\"font-family: tahoma, arial, helvetica, sans-serif; font-size: 12pt;\">aprobarea p\u0103rin\u021bilor sau a tutorelui privind \u0219ederea \u00een scopul studiilor pe teritoriul Rom\u00e2niei, dac\u0103 str\u0103inul este minor.<\/span><\/li><\/ul><\/div><div>&nbsp;<\/div><div style=\"text-align: justify;\"><span style=\"color: #ff0000;\"><strong><span style=\"font-family: tahoma, arial, helvetica, sans-serif; font-size: 12pt;\">PERMIS DE \u0218EDERE<\/span><\/strong><\/span><br><span style=\"font-family: tahoma, arial, helvetica, sans-serif; font-size: 12pt;\">Dup\u0103 intrarea \u00een Rom\u00e2nia trebuie s\u0103 ob\u021bine\u021bi un permis de \u0219edere. V\u0103 certific\u0103 dreptul de a r\u0103m\u00e2ne \u00een Rom\u00e2nia \u0219i \u00eel pute\u021bi ob\u021bine de la forma\u021biunile teritoriale ale Inspectoratului General pentru Imigr\u0103ri din jude\u021bul \u00een care locui\u021bi. Pentru a ob\u021bine un permis de \u0219edere, ve\u021bi depune personal o serie de documente cu cel pu\u021bin 30 de zile \u00eenainte de expirarea dreptului de viz\u0103.<\/span><br><span style=\"font-family: tahoma, arial, helvetica, sans-serif; font-size: 12pt;\">Pentru a extinde dreptul de \u0219edere (ob\u021binerea unui permis de \u0219edere) pentru studii, trebuie s\u0103 prezenta\u021bi urm\u0103toarele documente:<\/span><\/div><div>&nbsp;<\/div><div style=\"text-align: justify;\"><span style=\"color: #ff0000;\"><strong><span style=\"font-family: tahoma, arial, helvetica, sans-serif; font-size: 12pt;\">I. If you are a student, master\u2019s or doctoral student:<\/span><\/strong><\/span><\/div><div style=\"text-align: justify;\"><ul><li><span style=\"font-family: tahoma, arial, helvetica, sans-serif; font-size: 12pt;\">cerere<\/span><\/li><li><span style=\"font-family: tahoma, arial, helvetica, sans-serif; font-size: 12pt;\">original \u0219i copie a documentului de trecere a frontierei (pa\u0219aport, document de c\u0103l\u0103torie etc.);<\/span><\/li><li><span style=\"font-family: tahoma, arial, helvetica, sans-serif; font-size: 12pt;\">letter of acceptance for studies \u2013 is requested only at the first extension of the right of residence;<\/span><\/li><li><span style=\"font-family: tahoma, arial, helvetica, sans-serif; font-size: 12pt;\">certificatul eliberat de institu\u021bia de \u00eenv\u0103\u021b\u0103m\u00e2nt care demonstreaz\u0103 c\u0103 sunt \u00eenscri\u0219i \u00eentr-o institu\u021bie de \u00eenv\u0103\u021b\u0103m\u00e2nt de stat sau privat\u0103, acreditat\u0103 sau autorizat\u0103 provizoriu conform legii, forma de \u00eenv\u0103\u021b\u0103m\u00e2nt cu norm\u0103 \u00eentreag\u0103, inclusiv participarea la cursuri de doctorat, pe baza aprob\u0103rii Ministerului Educa\u0163iei. resort;<\/span><\/li><li><span style=\"font-family: tahoma, arial, helvetica, sans-serif; font-size: 12pt;\">dovada mijloacelor de existen\u021b\u0103, \u00een cuantum de cel pu\u021bin salariul de baz\u0103 minim brut pe \u021bar\u0103 garantat \u00een plat\u0103 pentru o perioad\u0103 de cel pu\u021bin 6 luni;<\/span><\/li><li><span style=\"font-family: tahoma, arial, helvetica, sans-serif; font-size: 12pt;\">dovada de\u021binerii legale a spa\u021biului de locuit (original \u0219i copie);<\/span><\/li><li><span style=\"font-family: tahoma, arial, helvetica, sans-serif; font-size: 12pt;\">certificat medical;<\/span><\/li><li><span style=\"font-family: tahoma, arial, helvetica, sans-serif; font-size: 12pt;\">taxe<\/span><\/li><\/ul><\/div><div style=\"text-align: justify;\"><span style=\"font-family: tahoma, arial, helvetica, sans-serif; font-size: 12pt;\">Str\u0103inilor care nu \u0219i-au finalizat studiile \u00een perioada acordat\u0103 ini\u021bial li se poate acorda o prelungire suplimentar\u0103 a dreptului de \u0219edere, \u00een scopul finaliz\u0103rii studiilor, pentru o perioad\u0103 maxim\u0103 de un an.<\/span><\/div><div style=\"text-align: justify;\">&nbsp;<\/div><div style=\"text-align: justify;\"><span style=\"font-family: tahoma, arial, helvetica, sans-serif; font-size: 12pt;\"><span style=\"color: #ff0000;\"><strong>Situa\u021bii excep\u021bionale pentru cet\u0103\u021benii str\u0103ini care studiaz\u0103 \u00een Rom\u00e2nia<\/strong><\/span>a<\/span><br><span style=\"font-family: tahoma, arial, helvetica, sans-serif; font-size: 12pt;\">Bursierii statului rom\u00e2n sunt scuti\u021bi de plata taxelor consulare, a permiselor de \u0219edere \u0219i nu trebuie s\u0103 dovedeasc\u0103 mijloacele lor de existen\u021b\u0103.<\/span><br><span style=\"font-family: tahoma, arial, helvetica, sans-serif; font-size: 12pt;\">\u2022 Str\u0103inii de etnie rom\u00e2n\u0103 (au un ascendent care avea sau are cet\u0103\u021benia rom\u00e2n\u0103) nu trebuie s\u0103-\u0219i demonstreze nici mijloacele de subzisten\u021b\u0103.<\/span><br><span style=\"font-family: tahoma, arial, helvetica, sans-serif; font-size: 12pt;\">\u2022 Studen\u021bii str\u0103ini care au \u00eemplinit v\u00e2rsta de 26 de ani au nevoie de asigur\u0103ri sociale de s\u0103n\u0103tate pentru a prelungi dreptul de \u0219edere temporar\u0103, \u00een conformitate cu Legea nr. 95\/2006 privind reforma \u00een domeniul s\u0103n\u0103t\u0103\u021bii.<\/span><br><span style=\"font-family: tahoma, arial, helvetica, sans-serif; font-size: 12pt;\">\u2022 Str\u0103inii care nu au absolvit perioada acordat\u0103 ini\u021bial pot fi aproba\u021bi pentru prelungirea ulterioar\u0103 a dreptului de \u0219edere, pentru a-\u0219i finaliza studiile, pentru o perioad\u0103 maxim\u0103 de un an.<\/span><\/div><div>&nbsp;<\/div><div style=\"text-align: justify;\"><span style=\"color: #ff0000;\"><strong><span style=\"font-family: tahoma, arial, helvetica, sans-serif; font-size: 12pt;\">TERMENELE PERMISULUI DE REZIDEN\u021a\u0102<\/span><\/strong><\/span><br><span style=\"font-family: tahoma, arial, helvetica, sans-serif; font-size: 12pt;\">Str\u0103inii care intr\u0103 \u00een Rom\u00e2nia pentru studii pot solicita prelungirea dreptului de \u0219edere pentru o perioad\u0103 egal\u0103 cu durata total\u0103 a studiilor, \u00een cazul studen\u021bilor \u0219i elevilor \u0219i pentru o perioad\u0103 care nu dep\u0103\u0219e\u0219te un an, \u00een cazul str\u0103inilor care particip\u0103 la program de schimb de elevi.<\/span><br><span style=\"font-family: tahoma, arial, helvetica, sans-serif; font-size: 12pt;\">Dreptul de \u0219edere temporar\u0103 pentru studii poate fi prelungit cu 9 luni dup\u0103 absolvire, pentru a c\u0103uta un loc de munc\u0103 \u0219i a efectua formalit\u0103\u021bi de angajare sau pentru a deschide o afacere, cu prezentarea documentelor care atest\u0103 finalizarea studiilor.<\/span><\/div><div style=\"text-align: justify;\">&nbsp;<\/div><div style=\"text-align: justify;\"><p><span style=\"color: #ff0000;\"><strong><span style=\"font-family: tahoma, arial, helvetica, sans-serif; font-size: 12pt;\">ANGAJARE \u00ceN TIMPUL STUDIILOR<\/span><\/strong><\/span><br><span style=\"font-family: tahoma, arial, helvetica, sans-serif; font-size: 12pt;\">Str\u0103inii care de\u021bin dreptul de \u0219edere temporar\u0103 pentru studii pot fi angaja\u021bi \u00een Rom\u00e2nia f\u0103r\u0103 permis de munc\u0103, numai cu un contract individual de munc\u0103 cu jum\u0103tate de norm\u0103 cu un timp maxim de lucru de 4 ore pe zi.<\/span><\/p><p><span style=\"color: #ff0000;\"><strong><span style=\"font-family: tahoma, arial, helvetica, sans-serif; font-size: 12pt;\">SCHIMBAREA PROFILULUI DE STUDIU<\/span><\/strong><\/span><br><span style=\"font-family: tahoma, arial, helvetica, sans-serif; font-size: 12pt;\">Str\u0103inul c\u0103ruia i s-a acordat sau, dup\u0103 caz, i-a fost extins dreptul de \u0219edere \u00een scopuri de studiu \u00een Rom\u00e2nia poate modifica profilul de studiu sau specializarea profesional\u0103, \u00een conformitate cu legisla\u021bia \u00een vigoare, cu condi\u021bia ca durata total\u0103 a \u0219ederii s\u0103 fie asigurat\u0103 pentru ca studiile ini\u021biale s\u0103 nu fie dep\u0103\u0219ite.<\/span><br><span style=\"font-family: tahoma, arial, helvetica, sans-serif; font-size: 12pt;\">Dac\u0103, prin schimbarea profilului de studiu sau a specializ\u0103rii profesionale, se dep\u0103\u0219e\u0219te durata total\u0103 a \u0219ederii prev\u0103zute pentru studiile ini\u021biale, este necesar s\u0103 se ob\u021bin\u0103 o nou\u0103 viz\u0103 de lung\u0103 \u0219edere \u00een scopuri de studiu.<\/span><\/p><\/div><div>&nbsp;<\/div><div style=\"text-align: justify;\"><span style=\"color: #ff0000;\"><strong><span style=\"font-size: 12pt; font-family: tahoma, arial, helvetica, sans-serif;\">Ce este viza de student (D \/ SD)?<\/span><\/strong><\/span><\/div><div style=\"text-align: justify;\"><span style=\"font-size: 12pt; font-family: tahoma, arial, helvetica, sans-serif;\">Aceast\u0103 viz\u0103 de lung\u0103 \u0219edere v\u0103 permite s\u0103 c\u0103l\u0103tori\u021bi \u00een Rom\u00e2nia pentru studii preuniversitare, universitare \u0219i chiar postuniversitare.<\/span><\/div><div style=\"text-align: justify;\"><span style=\"font-size: 12pt; font-family: tahoma, arial, helvetica, sans-serif;\">De asemenea, v\u0103 permite s\u0103 ave\u021bi un loc de munc\u0103 cu jum\u0103tate de norm\u0103 \u00een timpul studiilor, dac\u0103 \u00eendeplini\u021bi cerin\u021bele legale pentru angajare.<\/span><\/div><div>&nbsp;<\/div><div style=\"text-align: justify;\"><span style=\"color: #ff0000;\"><strong><span style=\"font-size: 12pt; font-family: tahoma, arial, helvetica, sans-serif;\">Cine poate solicita o viz\u0103 de student?<\/span><\/strong><\/span><\/div><div style=\"text-align: justify;\"><span style=\"font-size: 12pt; font-family: tahoma, arial, helvetica, sans-serif;\">Pute\u021bi solicita o astfel de viz\u0103 dac\u0103 sunte\u021bi student sau stagiar.<\/span><\/div><div style=\"text-align: justify;\"><span style=\"font-size: 12pt; font-family: tahoma, arial, helvetica, sans-serif;\">\u00cen toate cazurile, universitatea sau \u0219coala unde doresc s\u0103 studieze trebuie s\u0103 fie acreditat\u0103 \u00een conformitate cu prevederile legale, indiferent dac\u0103 este vorba de o institu\u021bie privat\u0103 sau de stat.<\/span><\/div><div>&nbsp;<\/div><div style=\"text-align: justify;\"><span style=\"color: #ff0000;\"><strong><span style=\"font-size: 12pt; font-family: tahoma, arial, helvetica, sans-serif;\">Cum pot solicita o viz\u0103 de student?<\/span><\/strong><\/span><\/div><div style=\"text-align: justify;\"><span style=\"font-size: 12pt; font-family: tahoma, arial, helvetica, sans-serif;\">Pute\u021bi solicita o viz\u0103 de student la ambasada sau consulatul Rom\u00e2niei din \u021bara de origine.<\/span><\/div><div style=\"text-align: justify;\"><span style=\"font-size: 12pt; font-family: tahoma, arial, helvetica, sans-serif;\">Dac\u0103 sunte\u021bi student, de exemplu, cele mai importante documente sunt dovada faptului c\u0103 a\u021bi fost acceptat la o universitate acreditat\u0103, primul dvs. an de studiu a fost pl\u0103tit \u0219i ave\u021bi mijloacele financiare pentru a v\u0103 sus\u021bine pe parcursul studiilor.<\/span><\/div><div>&nbsp;<\/div><div style=\"text-align: justify;\"><span style=\"color: #ff0000;\"><strong><span style=\"font-size: 12pt; font-family: tahoma, arial, helvetica, sans-serif;\">C\u00e2t timp pot r\u0103m\u00e2ne \u00een Rom\u00e2nia pe baza acestei vize?<\/span><\/strong><\/span><\/div><div style=\"text-align: justify;\"><span style=\"font-size: 12pt; font-family: tahoma, arial, helvetica, sans-serif;\">Viza de studiu este o viz\u0103 D \/ SD, ceea ce \u00eenseamn\u0103 c\u0103 pute\u021bi r\u0103m\u00e2ne aici mult timp, maximum 90 de zile. Dup\u0103 sosirea \u00een \u021bar\u0103, trebuie s\u0103 solicita\u021bi un permis de \u0219edere \u00een Rom\u00e2nia cu cel pu\u021bin 30 de zile \u00eenainte de expirarea vizei, deci \u00een primele 60 de zile de \u0219edere legal\u0103.<\/span><\/div><div style=\"text-align: justify;\"><span style=\"font-size: 12pt; font-family: tahoma, arial, helvetica, sans-serif;\">Dac\u0103 dep\u0103\u0219i\u021bi durata vizei, po\u021bi primi o amend\u0103. \u0218i dac\u0103 dep\u0103\u0219e\u0219ti durata pentru o perioad\u0103 foarte lung\u0103 de timp, s-ar putea s\u0103 ajungi deportat sau, \u00een unele cazuri, s\u0103 \u00ee\u021bi fie interzis s\u0103 c\u0103l\u0103tore\u0219ti \u00een Rom\u00e2nia \u00een viitor.<\/span><\/div><div>&nbsp;<\/div><div style=\"text-align: justify;\"><span style=\"color: #ff0000;\"><strong><span style=\"font-size: 12pt; font-family: tahoma, arial, helvetica, sans-serif;\">Este viza diferit\u0103 de permisul de \u0219edere?<\/span><\/strong><\/span><\/div><div style=\"text-align: justify;\"><span style=\"font-size: 12pt; font-family: tahoma, arial, helvetica, sans-serif;\">Da. Viza v\u0103 ofer\u0103 \u00een mod normal dreptul de a intra \u00een Rom\u00e2nia \u0219i de a r\u0103m\u00e2ne aici pentru o perioad\u0103 limitat\u0103 de timp, \u00een acest caz maxim 3 luni. Dar dac\u0103 dori\u021bi s\u0103 locui\u021bi \u00een Rom\u00e2nia pentru o perioad\u0103 mai lung\u0103 de timp, ceea ce \u00een cazul studiilor este o necesitate, ave\u021bi nevoie de un permis de \u0219edere valabil.<\/span><\/div><div style=\"text-align: justify;\"><span style=\"font-size: 12pt; font-family: tahoma, arial, helvetica, sans-serif;\">Deci, primul pas este s\u0103 solicita\u021bi o viz\u0103 \u00een \u021bara \u00een care locui\u021bi, pentru a intra \u00een Rom\u00e2nia \u00een mod legal. \u0218i dac\u0103 dori\u021bi s\u0103 continua\u021bi s\u0103 locui\u021bi aici, al doilea pas obligatoriu este s\u0103 solicita\u021bi un permis de \u0219edere rom\u00e2nesc la Inspectoratul General pentru Imigr\u0103ri dup\u0103 ce a\u021bi ajuns \u00een \u021bar\u0103.<\/span><\/div><div>&nbsp;<\/div><div>&nbsp;<\/div>\t\t\t\t\t\t<\/div>\n\t\t\t\t<\/div>\n\t\t            <\/div>\t\t\t\t<\/div>\n\t\t\t\t<\/div>\n\t\t\t\t\t<\/div>\n\t\t<\/div>\n\t\t\t\t\t<\/div>\n\t\t<\/section>\n\t\t\t\t<\/div>","protected":false},"excerpt":{"rendered":"<p>Consultancy and assistance Do you have a question? Call us now to set a schedule. Work program Monday to Friday: 10:00 am \u2013 5:00 pm (004) 723 32 94 01 Do you want to study in Romania and have the citizenship of a state outside the European Union and the European Economic Area? To get [&hellip;]<\/p>","protected":false},"author":1,"featured_media":0,"parent":0,"menu_order":0,"comment_status":"closed","ping_status":"closed","template":"","meta":{"footnotes":""},"class_list":["post-5058","page","type-page","status-publish","hentry"],"_links":{"self":[{"href":"https:\/\/www.romania-immigration.com\/ro\/wp-json\/wp\/v2\/pages\/5058","targetHints":{"allow":["GET"]}}],"collection":[{"href":"https:\/\/www.romania-immigration.com\/ro\/wp-json\/wp\/v2\/pages"}],"about":[{"href":"https:\/\/www.romania-immigration.com\/ro\/wp-json\/wp\/v2\/types\/page"}],"author":[{"embeddable":true,"href":"https:\/\/www.romania-immigration.com\/ro\/wp-json\/wp\/v2\/users\/1"}],"replies":[{"embeddable":true,"href":"https:\/\/www.romania-immigration.com\/ro\/wp-json\/wp\/v2\/comments?post=5058"}],"version-history":[{"count":13,"href":"https:\/\/www.romania-immigration.com\/ro\/wp-json\/wp\/v2\/pages\/5058\/revisions"}],"predecessor-version":[{"id":5112,"href":"https:\/\/www.romania-immigration.com\/ro\/wp-json\/wp\/v2\/pages\/5058\/revisions\/5112"}],"wp:attachment":[{"href":"https:\/\/www.romania-immigration.com\/ro\/wp-json\/wp\/v2\/media?parent=5058"}],"curies":[{"name":"wp","href":"https:\/\/api.w.org\/{rel}","templated":true}]}}