{"id":5076,"date":"2021-09-09T21:45:57","date_gmt":"2021-09-09T21:45:57","guid":{"rendered":"https:\/\/www.romania-immigration.com\/?page_id=5076"},"modified":"2021-09-09T22:11:23","modified_gmt":"2021-09-09T22:11:23","slug":"business-visa","status":"publish","type":"page","link":"https:\/\/www.romania-immigration.com\/ro\/viza-de-afaceri\/","title":{"rendered":"Viz\u0103 de afaceri"},"content":{"rendered":"<div data-elementor-type=\"wp-page\" data-elementor-id=\"5076\" class=\"elementor elementor-5076\" data-elementor-post-type=\"page\">\n\t\t\t\t\t\t<section class=\"elementor-section elementor-top-section elementor-element elementor-element-e179896 elementor-section-boxed elementor-section-height-default elementor-section-height-default\" data-id=\"e179896\" data-element_type=\"section\">\n\t\t\t\t\t\t<div class=\"elementor-container elementor-column-gap-default\">\n\t\t\t\t\t<div class=\"elementor-column elementor-col-100 elementor-top-column elementor-element elementor-element-5956e1a\" data-id=\"5956e1a\" data-element_type=\"column\">\n\t\t\t<div class=\"elementor-widget-wrap elementor-element-populated\">\n\t\t\t\t\t\t<div class=\"elementor-element elementor-element-51d0b03 elementor-widget elementor-widget-html\" data-id=\"51d0b03\" data-element_type=\"widget\" data-widget_type=\"html.default\">\n\t\t\t\t<div class=\"elementor-widget-container\">\n\t\t\t\t\t<div class=\"elementor-widget-wrap elementor-element-populated\">\n\t<div class=\"elementor-element elementor-element-786e69d elementor-widget elementor-widget-image\" data-id=\"786e69d\" data-element_type=\"widget\" data-widget_type=\"image.default\">\n\t\t<div class=\"elementor-widget-container\"><img decoding=\"async\" src=\"https:\/\/www.romania-immigration.com\/wp-content\/uploads\/elementor\/thumbs\/Business-visa-pcswkqi9yevmqsp0355vkbw4y47hpvs213c8k0a980.jpg\" title=\"Business-visa\" alt=\"Business-visa\" \/><\/div>\n\t<\/div>\n\t<div class=\"elementor-element elementor-element-8142d37 elementor-widget elementor-widget-ct_fancy_box\" data-id=\"8142d37\" data-element_type=\"widget\" data-widget_type=\"ct_fancy_box.default\">\n\t\t<div class=\"elementor-widget-container\">\n\t\t\t<div class=\"ct-fancy-box ct-fancy-box-layout14\" data-wow-delay=\"ms\">\n\t\t\t\t<div class=\"item--icon\"><i aria-hidden=\"true\" class=\"material zmdi zmdi-info-outline\"><\/i><\/div>\n\t\t\t\t<div class=\"item--holder\">\n\t\t\t\t\t<h3 class=\"item--title\">Consultan\u021b\u0103 \u0219i asisten\u021b\u0103<\/h3>\n\t\t\t\t\t<div class=\"item--description\">Ave\u021bi o intrebare? Suna\u021bi-ne acum pentru a stabili un program. Program de lucru de luni p\u00e2n\u0103 vineri: 10:00 - 17:00 (004) 723 32 94 01<\/div>\n\t\t\t\t<\/div>\n\t\t\t\t<a class=\"item-link\" href=\"#\"><\/a>\n\t\t\t<\/div>\n\t\t<\/div>\n\t<\/div>\n\t<div class=\"elementor-element elementor-element-4dc16a8e elementor-widget elementor-widget-text-editor\" data-id=\"4dc16a8e\" data-element_type=\"widget\" data-widget_type=\"text-editor.default\">\n\t\t<div class=\"elementor-widget-container\">\n\t\t\t<div style=\"text-align: justify;\"><span style=\"color: #ff0000;\"><strong><span style=\"font-family: tahoma, arial, helvetica, sans-serif; font-size: 12pt;\">Ce este o viz\u0103 de afaceri?<\/span><\/strong><\/span><\/div>\n\t\t\t<div style=\"text-align: justify;\"><span style=\"font-family: tahoma, arial, helvetica, sans-serif; font-size: 12pt;\">Vizele de afaceri reprezint\u0103 vize pe termen lung, pe baza c\u0103rora pute\u021bi intra \u00een Rom\u00e2nia \u0219i pute\u021bi desf\u0103\u0219ura diferite tipuri de activit\u0103\u021bi comerciale.<\/span><\/div>\n\t\t\t<div>&nbsp;<\/div>\n\t\t\t<div style=\"text-align: justify;\"><span style=\"color: #ff0000;\"><strong><span style=\"font-family: tahoma, arial, helvetica, sans-serif; font-size: 12pt;\">C\u00e2te categorii de vize de afaceri exist\u0103?<\/span><\/strong><\/span><\/div>\n\t\t\t<div style=\"text-align: justify;\"><span style=\"font-family: tahoma, arial, helvetica, sans-serif; font-size: 12pt;\">Ne vom referi la urm\u0103toarele ca vize de afaceri, \u00een general:<\/span><\/div>\n\t\t\t<div style=\"text-align: justify;\"><span style=\"font-family: tahoma, arial, helvetica, sans-serif; font-size: 12pt;\"><span style=\"color: #333399;\">\u2022 <strong>Visa pentru activit\u0103\u021bi economice (D \/ AE)<\/strong><\/span> - pentru profesioni\u0219tii care au o anumit\u0103 preg\u0103tire \u0219i se calific\u0103 pentru \u00eenfiin\u021barea unui PFA, conform legisla\u021biei rom\u00e2ne<\/span><\/div>\n\t\t\t<div style=\"text-align: justify;\"><span style=\"font-family: tahoma, arial, helvetica, sans-serif; font-size: 12pt;\"><span style=\"color: #333399;\">\u2022 <strong>Visa pentru activit\u0103\u021bi profesionale (D \/ AP)<\/strong> <\/span>- pentru profesioni\u0219tii care doresc s\u0103 lucreze \u00een Rom\u00e2nia, dar care nu intr\u0103 \u00een categoria PFA (de exemplu, avocat, medic)<\/span><\/div>\n\t\t\t<div style=\"text-align: justify;\"><span style=\"font-family: tahoma, arial, helvetica, sans-serif; font-size: 12pt;\"><span style=\"color: #333399;\">\u2022 <strong>Visa pentru activit\u0103\u021bi comerciale (D \/ AC)<\/strong><\/span> - pentru asocia\u021bii din companii rom\u00e2ne\u0219ti care au puteri de conducere sau de administrare \u0219i doresc s\u0103 investeasc\u0103 \u00een Rom\u00e2nia<\/span><\/div>\n\t\t\t<div>&nbsp;<\/div>\n\t\t\t<div style=\"text-align: justify;\"><span style=\"color: #ff0000;\"><strong><span style=\"font-family: tahoma, arial, helvetica, sans-serif; font-size: 12pt;\">Exist\u0103 cerin\u021be speciale?<\/span><\/strong><\/span><\/div>\n\t\t\t<div style=\"text-align: justify;\"><span style=\"font-family: tahoma, arial, helvetica, sans-serif; font-size: 12pt;\">Pentru a ob\u021bine viza de activitate economic\u0103 (D \/ AE), trebuie s\u0103 demonstra\u021bi c\u0103 sunte\u021bi \u00eenregistrat ca PFA \u00een Rom\u00e2nia. Aceast\u0103 \u00eenregistrare poate fi f\u0103cut\u0103 \u0219i de la distan\u021b\u0103, de c\u0103tre un avocat rom\u00e2n.<\/span><\/div>\n\t\t\t<div>&nbsp;<\/div>\n\t\t\t<div style=\"text-align: justify;\"><span style=\"font-family: tahoma, arial, helvetica, sans-serif; font-size: 12pt;\">Pentru activit\u0103\u021bi profesionale (D \/ AP), trebuie s\u0103 fi\u021bi acceptat sau autorizat ca profesionist \u00een Rom\u00e2nia, dup\u0103 caz.<\/span><\/div>\n\t\t\t<div style=\"text-align: justify;\"><span style=\"font-family: tahoma, arial, helvetica, sans-serif; font-size: 12pt;\">Aceast\u0103 procedur\u0103 poate diferi de la o organiza\u021bie profesional\u0103 la alta, iar un avocat v\u0103 poate ajuta s\u0103 preg\u0103ti\u021bi documenta\u021bia \u00een acest sens.<\/span><\/div>\n\t\t\t<div style=\"text-align: justify;\"><span style=\"font-family: tahoma, arial, helvetica, sans-serif; font-size: 12pt;\">\u00cen ce prive\u0219te activit\u0103\u021bile comerciale (D \/AC), procedura este mai complex\u0103 \u2013 trebuie s\u0103 dezvolta\u021bi un plan de afaceri care s\u0103 primeasc\u0103 aprobarea prealabil\u0103 din partea autorit\u0103\u021bilor publice. Investi\u021bia minim\u0103 porne\u0219te de la 150.000 de euro sau 25 <span style=\"font-family: tahoma, arial, helvetica, sans-serif; font-size: 12pt;\">locuri <\/span>de munc\u0103 per ac\u021bionar.<\/span><\/div>\n\t\t\t<div>&nbsp;<\/div>\n\t\t\t<div style=\"text-align: justify;\"><span style=\"color: #ff0000;\"><strong><span style=\"font-family: tahoma, arial, helvetica, sans-serif; font-size: 12pt;\">Cine poate solicita o viz\u0103 de afaceri?<\/span><\/strong><\/span><\/div>\n\t\t\t<div style=\"text-align: justify;\"><span style=\"font-family: tahoma, arial, helvetica, sans-serif; font-size: 12pt;\">Toate vizele de afaceri sunt aplicabile profesioni\u0219tilor sau investitorilor din afara UE.<\/span><\/div>\n\t\t\t<div>&nbsp;<\/div>\n\t\t\t<div style=\"text-align: justify;\"><span style=\"color: #ff0000;\"><strong><span style=\"font-family: tahoma, arial, helvetica, sans-serif; font-size: 12pt;\">Cum pot solicita o viz\u0103 de afaceri?<\/span><\/strong><\/span><\/div>\n\t\t\t<div style=\"text-align: justify;\"><span style=\"font-family: tahoma, arial, helvetica, sans-serif; font-size: 12pt;\">Pute\u021bi solicita o viz\u0103 de afaceri la ambasada sau consulatul Rom\u00e2niei din \u021bara dvs. de origine. Dosarul de viz\u0103 trebuie s\u0103 cuprind\u0103 o serie de documente, cea mai important\u0103 fiind dovada c\u0103 dori\u021bi s\u0103 desf\u0103\u0219ura\u021bi activit\u0103\u021bi comerciale \u00een Rom\u00e2nia.<\/span><\/div>\n\t\t\t<div>&nbsp;<\/div>\n\t\t\t<div style=\"text-align: justify;\"><span style=\"color: #ff0000;\"><strong><span style=\"font-family: tahoma, arial, helvetica, sans-serif; font-size: 12pt;\">C\u00e2t timp pot r\u0103m\u00e2ne \u00een Rom\u00e2nia pe baza acestei vize?<\/span><\/strong><\/span><\/div>\n\t\t\t<div style=\"text-align: justify;\"><span style=\"font-family: tahoma, arial, helvetica, sans-serif; font-size: 12pt;\">Toate vizele de afaceri sunt vize pe termen lung, ceea ce \u00eenseamn\u0103 c\u0103 pute\u021bi r\u0103m\u00e2ne \u00een Rom\u00e2nia maximum 90 de zile pe baza acestora.<\/span><\/div>\n\t\t\t<div style=\"text-align: justify;\"><span style=\"font-family: tahoma, arial, helvetica, sans-serif; font-size: 12pt;\">Dac\u0103 dori\u021bi s\u0103 tr\u0103i\u021bi o perioad\u0103 mai lung\u0103 \u00een Rom\u00e2nia, va trebui s\u0103 solicita\u021bi un permis de \u0219edere rom\u00e2nesc cu cel pu\u021bin 30 de zile \u00eenainte de expirarea vizei, deci \u00een primele 60 de zile de \u0219edere legal\u0103.<\/span><\/div>\n\t\t\t<div style=\"text-align: justify;\"><span style=\"font-family: tahoma, arial, helvetica, sans-serif; font-size: 12pt;\">Dac\u0103 dep\u0103\u0219i\u021bi durata vizei, pute\u021bi primi o amend\u0103. \u0218i dac\u0103 dep\u0103\u0219e\u0219ti durata pentru o perioad\u0103 foarte lung\u0103 de timp, s-ar putea s\u0103 fi\u021bi deportat sau, \u00een unele cazuri, s\u0103 v\u0103 fie interzis s\u0103 c\u0103l\u0103tori\u021bi \u00een Rom\u00e2nia \u00een viitor.<\/span><\/div>\n\t\t\t<div>&nbsp;<\/div>\n\t\t\t<div style=\"text-align: justify;\"><span style=\"color: #ff0000;\"><strong><span style=\"font-family: tahoma, arial, helvetica, sans-serif; font-size: 12pt;\">Este viza diferit\u0103 de permisul de \u0219edere?<\/span><\/strong><\/span><\/div>\n\t\t\t<div style=\"text-align: justify;\"><span style=\"font-family: tahoma, arial, helvetica, sans-serif; font-size: 12pt;\">Da. Viza v\u0103 ofer\u0103 \u00een mod normal dreptul de a intra \u00een Rom\u00e2nia \u0219i de a r\u0103m\u00e2ne aici pentru o perioad\u0103 limitat\u0103 de timp, \u00een acest caz maxim 3 luni. Dar dac\u0103 dori\u021bi s\u0103 locui\u021bi \u00een Rom\u00e2nia pentru o perioad\u0103 mai lung\u0103 de timp, ave\u021bi nevoie de un permis de \u0219edere valabil.<\/span><\/div>\n\t\t\t<div>&nbsp;<\/div>\n\t\t\t<div style=\"text-align: justify;\"><span style=\"font-family: tahoma, arial, helvetica, sans-serif; font-size: 12pt;\">Deci, primul pas este s\u0103 solicita\u021bi o viz\u0103 \u00een \u021bara \u00een care locui\u021bi, astfel \u00eenc\u00e2t s\u0103 pute\u021bi intra legal \u00een Rom\u00e2nia. \u0218i dac\u0103 dori\u021bi s\u0103 continua\u021bi s\u0103 locui\u021bi aici, al doilea pas obligatoriu este s\u0103 solicita\u021bi un permis de \u0219edere rom\u00e2nesc la Inspectoratul General pentru Imigr\u0103ri (IGI) dup\u0103 ce a\u021bi ajuns \u00een \u021bar\u0103.<\/span><\/div>\n\t\t<\/div>\n\t<\/div>\n<\/div>\t\t\t\t<\/div>\n\t\t\t\t<\/div>\n\t\t\t\t\t<\/div>\n\t\t<\/div>\n\t\t\t\t\t<\/div>\n\t\t<\/section>\n\t\t\t\t<\/div>","protected":false},"excerpt":{"rendered":"<p>Consultancy and assistance Do you have a question? Call us now to set a schedule. Working hours Monday to Friday: 10:00 to 17:00 (004) 723 32 94 01 What is a business visa? Business visas show long-term visas, based on which you can enter Romania and carry out different types of commercial activities. &nbsp; How [&hellip;]<\/p>","protected":false},"author":1,"featured_media":0,"parent":0,"menu_order":0,"comment_status":"closed","ping_status":"closed","template":"","meta":{"footnotes":""},"class_list":["post-5076","page","type-page","status-publish","hentry"],"_links":{"self":[{"href":"https:\/\/www.romania-immigration.com\/ro\/wp-json\/wp\/v2\/pages\/5076","targetHints":{"allow":["GET"]}}],"collection":[{"href":"https:\/\/www.romania-immigration.com\/ro\/wp-json\/wp\/v2\/pages"}],"about":[{"href":"https:\/\/www.romania-immigration.com\/ro\/wp-json\/wp\/v2\/types\/page"}],"author":[{"embeddable":true,"href":"https:\/\/www.romania-immigration.com\/ro\/wp-json\/wp\/v2\/users\/1"}],"replies":[{"embeddable":true,"href":"https:\/\/www.romania-immigration.com\/ro\/wp-json\/wp\/v2\/comments?post=5076"}],"version-history":[{"count":14,"href":"https:\/\/www.romania-immigration.com\/ro\/wp-json\/wp\/v2\/pages\/5076\/revisions"}],"predecessor-version":[{"id":5102,"href":"https:\/\/www.romania-immigration.com\/ro\/wp-json\/wp\/v2\/pages\/5076\/revisions\/5102"}],"wp:attachment":[{"href":"https:\/\/www.romania-immigration.com\/ro\/wp-json\/wp\/v2\/media?parent=5076"}],"curies":[{"name":"wp","href":"https:\/\/api.w.org\/{rel}","templated":true}]}}